{"id":28,"date":"2016-06-20T20:32:56","date_gmt":"2016-06-20T20:32:56","guid":{"rendered":"https:\/\/institutojauretche.com.ar\/poema21\/?page_id=28"},"modified":"2019-11-08T10:54:56","modified_gmt":"2019-11-08T13:54:56","slug":"botellas-en-el-mar","status":"publish","type":"page","link":"https:\/\/www.institutojauretche.com.ar\/poema21\/botellas-en-el-mar\/","title":{"rendered":"Botellas en el Mar"},"content":{"rendered":"<p>\u00a0<\/p>\n<p>\u00a0<\/p>\n<p style=\"text-align: justify;\">Escribir, escribirnos para que alg\u00fan ni\u00f1o, y porqu\u00e9 no joven, adulto, anciano\u00a0 encuentre y destapando botellas imagine otros mundos? A Mario Benedetti la historia, su historia, le da esa licencia sin dudas. Nosotros no queremos tanto, porque no sabemos si tendremos alg\u00fan papel que colocar en la botella,\u00a0 ni la certeza que aparecer\u00e1 alg\u00fan texto interesante para compartir. Apenas se nos ocurre\u00a0 impulsar \u00e1mbitos de di\u00e1logo intra e intergeneracional, a modo de aportar\u00a0 un granito de arena a nuestra incipiente democracia, que como ocurre en todas las artes, las ciencias y la pol\u00edtica exige valorar en la misma jerarqu\u00eda la experiencia de los mayores\u00a0 y la visi\u00f3n y energ\u00eda renovada de las nuevas generaciones. Ante una botella \u2013 \u00bfcabeza?- vac\u00eda, es probable que muchos sencillos ciudadanos\u00a0 respondamos con un acto reflejo que,\u00a0 parodiando a Vicentico, nos har\u00eda decir\u00a0 \u201c\/no quisiera morir sin hacer algo contigo\u2026\u201d. De todos modos no es una perplejidad menor\u00a0 estar ante una botella vac\u00eda: \u00bfdestino RRR? (Reducir- Reutilizar- Reciclar); o \u00bfdestino de mar&#8230;?: quien quiera favorecer debates propositivos, reflexionar sobre nuestras cosas del pasado y del presente, intercambiar\u00a0 saberes (seleccionando textos o audiovisuales que nos gustar\u00eda compartir), puede empezar a escribir apuntes para meter en esas botellas, como esta publicaci\u00f3n por ejemplo.<\/p>\n<p style=\"text-align: justify;\">En realidad las ganas de tirar una botella al mar, al r\u00edo, a la laguna Arguello o al zanj\u00f3n del barrio parece ser un gesto at\u00e1vico como jugar al \u201csapito\u201d, esa gloriosa regresi\u00f3n a la infancia. As\u00ed que tenemos la percepci\u00f3n de que esta revista digital \u2013 que en un par de a\u00f1os quiz\u00e1s convoque a su versi\u00f3n gr\u00e1fica \u2013 est\u00e1 lejos de ser un emprendimiento period\u00edstico, ni se propone serlo, y m\u00e1s bien creemos que tiene mucho m\u00e1s de pr\u00e1ctica l\u00fadica, para no perder totalmente nuestra condici\u00f3n de \u201clocos bajitos\u201d. En todo caso cualquiera sean las motivaciones, las botellas que se tiren cumplir\u00e1n su funci\u00f3n aunque est\u00e9n vac\u00edas, o tengan papeles poco legibles, mientras sirvan para tentar a navegantes, remadores y n\u00e1ufragos del tumultuoso mar cibern\u00e9tico a recogerlas y colocar el mensaje que necesiten hacer circular o el que se les venga en ganas. Am\u00e9n.<\/p>\n<p style=\"text-align: justify;\">&#8230;<\/p>\n<p style=\"text-align: justify;\">Pongo estos seis versos en mi botella al mar<br \/>con el secreto designio de que alg\u00fan d\u00eda<br \/>llegue a una playa casi desierta<br \/>y un ni\u00f1o la encuentre y la destape<br \/>y en lugar de versos extraiga piedritas<br \/>y socorros y alertas y caracoles.<\/p>\n<p style=\"text-align: justify;\"><i>(Mario Benedetti)<\/i><\/p>\n<p>\u00a0<\/p>\n<p>\u00a0<\/p>\n\n\n<div class=\"wp-block-image\"><figure class=\"aligncenter\"><img loading=\"lazy\" decoding=\"async\" width=\"640\" height=\"480\" src=\"https:\/\/www.institutojauretche.com.ar\/poema21\/wp-content\/uploads\/2019\/11\/Corbis-42-21273145.jpg\" alt=\"\" class=\"wp-image-314\" srcset=\"https:\/\/www.institutojauretche.com.ar\/poema21\/wp-content\/uploads\/2019\/11\/Corbis-42-21273145.jpg 640w, https:\/\/www.institutojauretche.com.ar\/poema21\/wp-content\/uploads\/2019\/11\/Corbis-42-21273145-300x225.jpg 300w\" sizes=\"auto, (max-width: 640px) 100vw, 640px\" \/><figcaption>Message in a bottle &#8212; Image by \u00a9 Image Source\/Corbis<\/figcaption><\/figure><\/div>\n","protected":false},"excerpt":{"rendered":"<p>\u00a0 \u00a0 Escribir, escribirnos para que alg\u00fan ni\u00f1o, y porqu\u00e9 no joven, adulto, anciano\u00a0 encuentre y destapando botellas imagine otros mundos? A Mario Benedetti la&hellip; <\/p>\n","protected":false},"author":3,"featured_media":0,"parent":0,"menu_order":0,"comment_status":"closed","ping_status":"closed","template":"","meta":{"footnotes":""},"class_list":["post-28","page","type-page","status-publish","hentry"],"jetpack_sharing_enabled":true,"_links":{"self":[{"href":"https:\/\/www.institutojauretche.com.ar\/poema21\/wp-json\/wp\/v2\/pages\/28","targetHints":{"allow":["GET"]}}],"collection":[{"href":"https:\/\/www.institutojauretche.com.ar\/poema21\/wp-json\/wp\/v2\/pages"}],"about":[{"href":"https:\/\/www.institutojauretche.com.ar\/poema21\/wp-json\/wp\/v2\/types\/page"}],"author":[{"embeddable":true,"href":"https:\/\/www.institutojauretche.com.ar\/poema21\/wp-json\/wp\/v2\/users\/3"}],"replies":[{"embeddable":true,"href":"https:\/\/www.institutojauretche.com.ar\/poema21\/wp-json\/wp\/v2\/comments?post=28"}],"version-history":[{"count":2,"href":"https:\/\/www.institutojauretche.com.ar\/poema21\/wp-json\/wp\/v2\/pages\/28\/revisions"}],"predecessor-version":[{"id":478,"href":"https:\/\/www.institutojauretche.com.ar\/poema21\/wp-json\/wp\/v2\/pages\/28\/revisions\/478"}],"wp:attachment":[{"href":"https:\/\/www.institutojauretche.com.ar\/poema21\/wp-json\/wp\/v2\/media?parent=28"}],"curies":[{"name":"wp","href":"https:\/\/api.w.org\/{rel}","templated":true}]}}