{"id":14,"date":"2016-06-20T20:08:09","date_gmt":"2016-06-20T20:08:09","guid":{"rendered":"https:\/\/institutojauretche.com.ar\/poema21\/?page_id=14"},"modified":"2020-04-11T20:28:49","modified_gmt":"2020-04-11T23:28:49","slug":"nosotros","status":"publish","type":"page","link":"https:\/\/www.institutojauretche.com.ar\/poema21\/nosotros\/","title":{"rendered":"Nosotros"},"content":{"rendered":"<p>Espacio sin fines de lucro de Cultura y Pedagog\u00eda Pol\u00edtica<\/p>\n<p>Colaboradores, cr\u00edticos, alentadores y afines:<\/p>\n<p>Carlos Aranda , M\u00f3nica Nagy Quintela Arca, Daniel Escudero, Nanci Alegre, Oscar Lencina, Jorge Flores, Nancy Bandeo, Julio Aranda , Celeste Acosta, Ramon Ayala, Andrea Sep\u00falveda, Miguel \u00c1ngel Moreyra,&nbsp; Ana Ester Nicora,&nbsp; Fabi\u00e1n Roja,&nbsp; Alejandro Quir\u00f3s, Julio Dar\u00edo Rambau, Julio Roberto Polimeni,&nbsp;Ana Geijo, Jorge Luis Migueles,&nbsp; Mariano Quir\u00f3s,&nbsp; N\u00e9stor Forero,&nbsp; Alberto Lettieri, Jos\u00e9 Acosta D\u00edaz.<\/p>\n<p>Fotograf\u00eda : Gustavo Carlos Molfino<\/p>\n<p><\/p>\n<p>Contacto:&nbsp;<a href=\"mailto:institutoarturojauretche.chaco@gmail.com\" target=\"_blank\" rel=\"noopener noreferrer\">institutoarturojauretche.chaco@gmail.com<\/a><\/p>\n<p><\/p>\n\n\n<div class=\"wp-block-columns has-2-columns is-layout-flex wp-container-core-columns-is-layout-9d6595d7 wp-block-columns-is-layout-flex\">\n<div class=\"wp-block-column is-layout-flow wp-block-column-is-layout-flow\">\n<p><\/p>\n\n\n\n<figure class=\"wp-block-image size-large\"><img loading=\"lazy\" decoding=\"async\" width=\"328\" height=\"88\" src=\"https:\/\/www.institutojauretche.com.ar\/poema21\/wp-content\/uploads\/2020\/04\/Logo-Poema-21-2.png\" alt=\"\" class=\"wp-image-641\" srcset=\"https:\/\/www.institutojauretche.com.ar\/poema21\/wp-content\/uploads\/2020\/04\/Logo-Poema-21-2.png 328w, https:\/\/www.institutojauretche.com.ar\/poema21\/wp-content\/uploads\/2020\/04\/Logo-Poema-21-2-300x80.png 300w\" sizes=\"auto, (max-width: 328px) 100vw, 328px\" \/><\/figure>\n\n\n\n<p>Poema 21 es producida por el&nbsp;Instituto Arturo Jauretche Chaco:&nbsp;<\/p>\n\n\n\n<p><a href=\"https:\/\/institutojauretche.com.ar\/\">https:\/\/institutojauretche.com.ar\/<\/a><\/p>\n<\/div>\n\n\n\n<div class=\"wp-block-column is-layout-flow wp-block-column-is-layout-flow\">\n<figure class=\"wp-block-image\"><img loading=\"lazy\" decoding=\"async\" width=\"500\" height=\"500\" src=\"https:\/\/www.institutojauretche.com.ar\/poema21\/wp-content\/uploads\/2019\/11\/logorectangular.png\" alt=\"\" class=\"wp-image-411\" srcset=\"https:\/\/www.institutojauretche.com.ar\/poema21\/wp-content\/uploads\/2019\/11\/logorectangular.png 500w, https:\/\/www.institutojauretche.com.ar\/poema21\/wp-content\/uploads\/2019\/11\/logorectangular-150x150.png 150w, https:\/\/www.institutojauretche.com.ar\/poema21\/wp-content\/uploads\/2019\/11\/logorectangular-300x300.png 300w, https:\/\/www.institutojauretche.com.ar\/poema21\/wp-content\/uploads\/2019\/11\/logorectangular-90x90.png 90w\" sizes=\"auto, (max-width: 500px) 100vw, 500px\" \/><\/figure>\n<\/div>\n<\/div>\n","protected":false},"excerpt":{"rendered":"<p>Espacio sin fines de lucro de Cultura y Pedagog\u00eda Pol\u00edtica Colaboradores, cr\u00edticos, alentadores y afines: Carlos Aranda , M\u00f3nica Nagy Quintela Arca, Daniel Escudero, Nanci&hellip; <\/p>\n","protected":false},"author":3,"featured_media":0,"parent":0,"menu_order":0,"comment_status":"closed","ping_status":"closed","template":"","meta":{"footnotes":""},"class_list":["post-14","page","type-page","status-publish","hentry"],"jetpack_sharing_enabled":true,"_links":{"self":[{"href":"https:\/\/www.institutojauretche.com.ar\/poema21\/wp-json\/wp\/v2\/pages\/14","targetHints":{"allow":["GET"]}}],"collection":[{"href":"https:\/\/www.institutojauretche.com.ar\/poema21\/wp-json\/wp\/v2\/pages"}],"about":[{"href":"https:\/\/www.institutojauretche.com.ar\/poema21\/wp-json\/wp\/v2\/types\/page"}],"author":[{"embeddable":true,"href":"https:\/\/www.institutojauretche.com.ar\/poema21\/wp-json\/wp\/v2\/users\/3"}],"replies":[{"embeddable":true,"href":"https:\/\/www.institutojauretche.com.ar\/poema21\/wp-json\/wp\/v2\/comments?post=14"}],"version-history":[{"count":6,"href":"https:\/\/www.institutojauretche.com.ar\/poema21\/wp-json\/wp\/v2\/pages\/14\/revisions"}],"predecessor-version":[{"id":644,"href":"https:\/\/www.institutojauretche.com.ar\/poema21\/wp-json\/wp\/v2\/pages\/14\/revisions\/644"}],"wp:attachment":[{"href":"https:\/\/www.institutojauretche.com.ar\/poema21\/wp-json\/wp\/v2\/media?parent=14"}],"curies":[{"name":"wp","href":"https:\/\/api.w.org\/{rel}","templated":true}]}}