{"id":19,"date":"2019-11-03T22:41:29","date_gmt":"2019-11-03T22:41:29","guid":{"rendered":"https:\/\/www.institutojauretche.com.ar\/home\/about-us\/"},"modified":"2019-11-13T09:28:52","modified_gmt":"2019-11-13T12:28:52","slug":"servicios","status":"publish","type":"page","link":"https:\/\/www.institutojauretche.com.ar\/home\/servicios\/","title":{"rendered":"servicios"},"content":{"rendered":"<div class=\"boldgrid-section\">\n<div class=\"container\">\n<div class=\"row\" style=\"padding-top: 30px; padding-bottom: 75px;\">\n<div class=\"col-md-12 col-xs-12 col-sm-12\">\n<h1 class=\"\"><span style=\"color: #008080;\"><strong>Actividades del Instituto<\/strong><\/span><\/h1>\n<p class=\"\">Como Instituto de Pedagog\u00eda Pol\u00edtica, que adem\u00e1s desarrolla una Escuela de Gobierno con un enfoque de praxis integral, postula varias l\u00edneas de trabajo, entre las cuales podemos se\u00f1alar las siguientes:<\/p>\n<\/div>\n<\/div>\n<\/div>\n<\/div>\n<div class=\"boldgrid-section\">\n<div class=\"container\">\n<div class=\"row gridblock\">\n<div class=\"col-md-6 col-xs-12 col-sm-12\">\n<h2 class=\"\">INVESTIGACI\u00d3N<\/h2>\n<div class=\"row gridblock bg-editor-hr-wrap\">\n<div class=\"col-md-12 col-xs-12 col-sm-12\">\n<hr>\n<\/div>\n<\/div>\n<\/div>\n<div class=\"col-md-6 col-sm-12 col-xs-12\">\n<p>&nbsp;<\/p>\n<\/div>\n<\/div>\n<\/div>\n<\/div>\n<div class=\"boldgrid-section\">\n<div class=\"container\">\n<div class=\"row gridblock\">\n<div class=\"col-md-8 col-margin-bottom col-xs-12 col-sm-12\">\n<p class=\"\">El Instituto impulsar\u00e1, apoyar\u00e1 o auspiciar\u00e1 peri\u00f3dicamente l\u00edneas de investigaci\u00f3n en el \u00e1rea social, econ\u00f3mica, hist\u00f3rico, pol\u00edtica, que permitan la producci\u00f3n de conocimiento en asuntos tem\u00e1ticos que nos requieran sectores populares, o se eval\u00fae necesario elaborar juicios propios que conformen insumos espec\u00edficos para mejorar las pol\u00edticas del estado y\/o de los movimientos sociales<\/p>\n<\/div>\n<div class=\"col-md-4 col-margin-bottom text-center col-xs-12 col-sm-12\">\n<p class=\"mod-img\"><img loading=\"lazy\" decoding=\"async\" class=\"alignnone wp-image-481 size-medium\" src=\"https:\/\/www.institutojauretche.com.ar\/home\/wp-content\/uploads\/2019\/11\/41_0_220_176.13095238095_Imagen_Investigacion.jpg\" alt=\"\" width=\"220\" height=\"176\" data-imhwpb-asset-id=\"780828\"><\/p>\n<p class=\"mod-img\">&nbsp;<\/p>\n<\/div>\n<\/div>\n<\/div>\n<\/div>\n<div class=\"boldgrid-section\">\n<div class=\"container\">\n<div class=\"row gridblock\" style=\"padding-top: 30px;\">\n<div class=\"col-md-6 col-xs-12 col-sm-12\">\n<h2 class=\"\">CAPACITACI\u00d3N<\/h2>\n<div class=\"row gridblock bg-editor-hr-wrap\">\n<div class=\"col-md-12 col-xs-12 col-sm-12\">\n<hr>\n<\/div>\n<\/div>\n<\/div>\n<div class=\"col-md-6 col-sm-12 col-xs-12\">\n<p>&nbsp;<\/p>\n<\/div>\n<\/div>\n<\/div>\n<\/div>\n<div class=\"boldgrid-section\">\n<div class=\"container\">\n<div class=\"row gridblock\">\n<div class=\"col-md-3 col-margin-bottom text-center col-xs-12 col-sm-12\">\n<p class=\"mod-img\"><img loading=\"lazy\" decoding=\"async\" class=\"wp-image-478 size-full alignright\" src=\"https:\/\/www.institutojauretche.com.ar\/home\/wp-content\/uploads\/2019\/11\/Imagen_Capacitacion.jpg\" alt=\"\" width=\"220\" height=\"176\" data-imhwpb-asset-id=\"780828\"><\/p>\n<p class=\"mod-img\">&nbsp;<\/p>\n<\/div>\n<div class=\"col-md-9 col-margin-bottom col-xs-12 col-sm-12\">\n<p class=\"\">FORMACI\u00d3N POL\u00cdTICA: tanto de la ciudadan\u00eda en general, como a los militantes de cualquier sector social y pol\u00edtico que promueva un proyecto nacional y latinoamericano, a demanda. Asimismo ofrece y gestiona planes y programas espec\u00edficos de formaci\u00f3n de cuadros de conducci\u00f3n pol\u00edtica y de gobierno.<\/p>\n<p class=\"\">Desaf\u00edos Actuales de las Construcciones Colectivas<\/p>\n<p class=\"\">Capacitaci\u00f3n Pol\u00edtica para J\u00f3venes Dirigentes y Militantes. Proyecto Nacional y Movimiento Popular.<\/p>\n<\/div>\n<\/div>\n<\/div>\n<\/div>\n<div class=\"boldgrid-section\">\n<div class=\"container\">\n<div class=\"row gridblock\" style=\"padding-top: 30px;\">\n<div class=\"col-md-6 col-xs-12 col-sm-12\">\n<h2 class=\"\">CONSULTOR\u00cdA POPULAR<\/h2>\n<div class=\"row gridblock bg-editor-hr-wrap\">\n<div class=\"col-md-12 col-xs-12 col-sm-12\">\n<div>\n<hr>\n<\/div>\n<\/div>\n<\/div>\n<\/div>\n<div class=\"col-md-6 col-sm-12 col-xs-12\">\n<p class=\"\">&nbsp;<\/p>\n<\/div>\n<\/div>\n<\/div>\n<\/div>\n<div class=\"boldgrid-section\">\n<div class=\"container\"><\/div>\n<\/div>\n<div class=\"boldgrid-section\">\n<div class=\"container\">\n<div class=\"row gridblock\">\n<div class=\"col-md-9 col-margin-bottom text-center col-xs-12 col-sm-12\">\n<p class=\"\" style=\"text-align: left;\">Habitualmente podemos observar que las Consultor\u00edas existentes, parecen tener acceso solo los sectores empresariales, estatales u ONGs con poder econ\u00f3mico suficiente para contratarlas. Creemos necesario el desarrollo de un sistema de Consultor\u00edas populares, que con la participaci\u00f3n de id\u00f3neos, t\u00e9cnicos y profesionales de diversas especialidades, y con un enfoque colaborativo en red, y una metodolog\u00eda de acci\u00f3n participativa, se organice la gesti\u00f3n del conocimiento y se postule recomendaciones a los sectores que asi lo soliciten y\/o lo necesiten, sean sindicatos, cooperativas, movimientos sociales, agrupaciones pol\u00edticas, sociales y pastorales.<\/p>\n<\/div>\n<div class=\"col-md-3 col-margin-bottom col-xs-12 col-sm-12\">\n<p class=\"mod-img\"><img loading=\"lazy\" decoding=\"async\" class=\"alignnone wp-image-479 size-full\" src=\"https:\/\/www.institutojauretche.com.ar\/home\/wp-content\/uploads\/2019\/11\/Imagen_Consultoria.jpg\" alt=\"\" width=\"220\" height=\"176\" data-imhwpb-asset-id=\"780828\"><\/p>\n<\/div>\n<\/div>\n<\/div>\n<\/div>\n<div class=\"boldgrid-section\">\n<div class=\"container\"><\/div>\n<\/div>\n<div class=\"boldgrid-section\">\n<div class=\"container\">\n<div class=\"row gridblock\" style=\"padding-top: 30px;\">\n<div class=\"col-md-6 col-xs-12 col-sm-12\">\n<h2 class=\"\">DISE\u00d1O DE POL\u00cdTICAS P\u00daBLICAS<\/h2>\n<div class=\"row gridblock bg-editor-hr-wrap\">\n<div class=\"col-md-12 col-xs-12 col-sm-12\">\n<div>\n<hr>\n<\/div>\n<\/div>\n<\/div>\n<\/div>\n<div class=\"col-md-6 col-sm-12 col-xs-12\">\n<p class=\"\">&nbsp;<\/p>\n<\/div>\n<\/div>\n<div class=\"row gridblock\">\n<div class=\"col-md-3 col-margin-bottom text-center col-xs-12 col-sm-12\">\n<p class=\"mod-img\"><img loading=\"lazy\" decoding=\"async\" class=\"wp-image-480 size-full alignright\" src=\"https:\/\/www.institutojauretche.com.ar\/home\/wp-content\/uploads\/2019\/11\/Imagen_Disen\u0303o.jpg\" alt=\"\" width=\"220\" height=\"176\" data-imhwpb-asset-id=\"780828\"><\/p>\n<\/div>\n<div class=\"col-md-9 col-margin-bottom col-xs-12 col-sm-12\">\n<p class=\"\">ASESORAMIENTO EN DISE\u00d1OS DE POL\u00cdTICAS P\u00daBLICAS: en 2013 la Argentina cumpli\u00f3 30 a\u00f1os de funcionamiento democr\u00e1tico ininterrumpido, y todav\u00eda podemos hablar de democracia fr\u00e1gil, debilitada en varios aspectos. Uno de sus puntos d\u00e9biles es la metodolog\u00eda en que se dise\u00f1a, se ejecuta, y se eval\u00faan las pol\u00edticas p\u00fablicas en los diversos partidos y agrupaciones pol\u00edticas. El Instituto Jauretche buscar\u00e1 aportar un granito de arena en este sentido, de tal forma que las nuevas generaciones de dirigentes progresivamente y en un proceso de di\u00e1logo continuo con el pueblo y su contexto, logren mejores niveles de calidad en la formulaci\u00f3n de las pol\u00edticas p\u00fablicas.<\/p>\n<\/div>\n<\/div>\n<\/div>\n<\/div>\n<div class=\"boldgrid-section\">\n<div class=\"container\">\n<div class=\"row gridblock\" style=\"padding-top: 30px;\">\n<div class=\"col-md-6 col-xs-12 col-sm-12\">\n<h2 class=\"\">ASESORAMIENTO DE PROYECTO<\/h2>\n<div class=\"row gridblock bg-editor-hr-wrap\">\n<div class=\"col-md-12 col-xs-12 col-sm-12\">\n<div>\n<hr>\n<\/div>\n<\/div>\n<\/div>\n<\/div>\n<div class=\"col-md-6 col-sm-12 col-xs-12\">\n<p class=\"\">&nbsp;<\/p>\n<\/div>\n<\/div>\n<div class=\"row gridblock\">\n<div class=\"col-md-9 col-margin-bottom text-center col-xs-12 col-sm-12\">\n<p class=\"\" style=\"text-align: left;\">Cuando alg\u00fan sector popular, una estructura del estado y\/o un emprendedor tiene definido un objetivo, un proyecto determinado, el Instituto Jauretche puede brindar servicios de asesoramiento, acompa\u00f1ando en el mejoramiento, o debatiendo con los impulsores del proyecto en cuesti\u00f3n para enriquecerlo, adaptarlo, y fortalecer su pertinencia y sostenibilidad.<\/p>\n<\/div>\n<div class=\"col-md-3 col-margin-bottom col-xs-12 col-sm-12\">\n<p class=\"mod-img\"><img loading=\"lazy\" decoding=\"async\" class=\"alignnone wp-image-482 size-full\" src=\"https:\/\/www.institutojauretche.com.ar\/home\/wp-content\/uploads\/2019\/11\/Imagen_Proyectos.jpg\" alt=\"\" width=\"220\" height=\"176\" data-imhwpb-asset-id=\"780828\"><\/p>\n<\/div>\n<\/div>\n<div class=\"row gridblock\">\n<div class=\"col-md-12 col-xs-12 col-sm-12\">\n<div class=\"mod-space\"><\/div>\n<div class=\"mod-space\"><\/div>\n<div class=\"mod-space\"><\/div>\n<div class=\"mod-space\"><\/div>\n<\/div>\n<\/div>\n<\/div>\n<\/div>\n<div class=\"boldgrid-section\">\n<div class=\"container\"><\/div>\n<\/div>\n<div class=\"boldgrid-section\">\n<div class=\"container\"><\/div>\n<\/div>\n","protected":false},"excerpt":{"rendered":"<p>Actividades del Instituto Como Instituto de Pedagog\u00eda Pol\u00edtica, que adem\u00e1s desarrolla una Escuela de Gobierno con un enfoque de praxis integral, postula varias l\u00edneas de trabajo, entre las cuales podemos se\u00f1alar las siguientes: INVESTIGACI\u00d3N &nbsp; El Instituto impulsar\u00e1, apoyar\u00e1 o auspiciar\u00e1 peri\u00f3dicamente l\u00edneas de investigaci\u00f3n en el \u00e1rea social, econ\u00f3mica, hist\u00f3rico, pol\u00edtica, que permitan la [&hellip;]<\/p>\n","protected":false},"author":1,"featured_media":0,"parent":0,"menu_order":0,"comment_status":"closed","ping_status":"closed","template":"","meta":{"bgseo_title":"","bgseo_description":"","bgseo_robots_index":"index","bgseo_robots_follow":"follow","footnotes":""},"class_list":["post-19","page","type-page","status-publish"],"_links":{"self":[{"href":"https:\/\/www.institutojauretche.com.ar\/home\/wp-json\/wp\/v2\/pages\/19","targetHints":{"allow":["GET"]}}],"collection":[{"href":"https:\/\/www.institutojauretche.com.ar\/home\/wp-json\/wp\/v2\/pages"}],"about":[{"href":"https:\/\/www.institutojauretche.com.ar\/home\/wp-json\/wp\/v2\/types\/page"}],"author":[{"embeddable":true,"href":"https:\/\/www.institutojauretche.com.ar\/home\/wp-json\/wp\/v2\/users\/1"}],"replies":[{"embeddable":true,"href":"https:\/\/www.institutojauretche.com.ar\/home\/wp-json\/wp\/v2\/comments?post=19"}],"version-history":[{"count":8,"href":"https:\/\/www.institutojauretche.com.ar\/home\/wp-json\/wp\/v2\/pages\/19\/revisions"}],"predecessor-version":[{"id":582,"href":"https:\/\/www.institutojauretche.com.ar\/home\/wp-json\/wp\/v2\/pages\/19\/revisions\/582"}],"wp:attachment":[{"href":"https:\/\/www.institutojauretche.com.ar\/home\/wp-json\/wp\/v2\/media?parent=19"}],"curies":[{"name":"wp","href":"https:\/\/api.w.org\/{rel}","templated":true}]}}