{"id":17,"date":"2019-11-03T22:41:29","date_gmt":"2019-11-03T22:41:29","guid":{"rendered":"https:\/\/www.institutojauretche.com.ar\/home\/home\/"},"modified":"2020-12-28T17:37:55","modified_gmt":"2020-12-28T20:37:55","slug":"home","status":"publish","type":"page","link":"https:\/\/www.institutojauretche.com.ar\/home\/","title":{"rendered":"Inicio"},"content":{"rendered":"<div class=\"boldgrid-section\">\n<div class=\"container-fluid\">\n<div class=\"row background-secondary\">\n<div class=\"col-md-6 col-xs-12 col-sm-12\">\n<div class=\"mod-beta\">\n<p class=\"mod-reset\">\n<h2 class=\"\"><span style=\"color: #008080;\">Arturo Mart\u00edn Jauretche<\/span><\/h2>\n<p class=\"\">Arturo Jauretche fue un intelectual criollo, uno de los m\u00e1s destacados panegiristas de la cultura nacional, que reneg\u00f3 del europe\u00edsmo de las elites y clases medias y se volc\u00f3 a la causa de los paisanos, de los hombres de a pie, del pueblo trabajador.<\/p>\n<p class=\"p-button-primary\" style=\"text-align: center;\"><a class=\"button-primary\" href=\"https:\/\/www.institutojauretche.com.ar\/home\/home\/jauretche\/\" target=\"_blank\" rel=\"noopener noreferrer\">Quien fue Arturo Jauretche<\/a><\/p>\n<\/div>\n<\/div>\n<div class=\"col-md-6 col-xs-12 col-sm-12\">\n<h3 class=\"\"><span style=\"color: #008080;\">Instituto de Pedagog\u00eda Pol\u00edtica<\/span><\/h3>\n<p class=\"\">\n<p class=\"\">Somos un espacio de Pedagog\u00eda Pol\u00edtica, que se propone promover y gestionar la formaci\u00f3n pol\u00edtica sistem\u00e1tica y asistem\u00e1tica de la ciudadan\u00eda en general, de sus militantes y de los cuadros de conducci\u00f3n en particular. Estamos ubicados en la provincia del Chaco, Argentina, coraz\u00f3n del Mercosur, teniendo nuestra sede central en la ciudad de Resistencia, capital de esa Provincia. Nacemos en el a\u00f1o 2009, por la iniciativa de un grupo de militantes que, conscientes de la ausencia de \u00e1mbitos de capacitaci\u00f3n pol\u00edtica estables, asume el compromiso de aportar un granito de arena en ese sentido.<\/p>\n<p class=\"\">Nuestra intenci\u00f3n es conformar un espacio pluralista que sirva para congregar a todas las personas que les interese formarse a trav\u00e9s del an\u00e1lisis, la discusi\u00f3n y la implementaci\u00f3n de soluciones estructurales para las distintas realidades sociales. Nos identificamos con el enfoque y la perspectiva del pol\u00edtico y escritor argentino Arturo Jauretche, en cuyo homenaje el 13 de noviembre de cada a\u00f1o- d\u00eda de su nacimiento &#8211; se estableciera en la Argentina \u201cD\u00eda del Pensamiento Nacional\u201d (Ley 25844, promulgada en 2004 durante la Presidencia del Dr. N\u00e9stor Carlos Kirchner).<\/p>\n<p class=\"\">Como Instituto de Pedagog\u00eda Pol\u00edtica apunta a brindar o facilitar un \u00e1mbito de an\u00e1lisis y trabajo sobre los asuntos estructurales (no solo coyunturales), con una actitud claramente propositiva. Simult\u00e1neamente el Instituto se constituye en un eslab\u00f3n que articular\u00e1 con otras instancias locales, nacionales e internacionales para el desarrollo de una Escuela de Gobierno con mirada federal, latinoamericana, s\u00f3lida y prestigiada, inspirada en el ejemplo y en la perspectiva general que iniciara oportunamente el economista chileno Carlos Matus.<\/p>\n<p class=\"\">\n<\/div>\n<\/div>\n<\/div>\n<\/div>\n<div class=\"tmpl-schedule-8 boldgrid-section dynamic-gridblock background-scroll\" style=\"padding-bottom: 50px; color: #1d1d1d; background-position: 50% 50%; background-size: auto; background-image: url('https:\/\/www.institutojauretche.com.ar\/home\/wp-content\/plugins\/post-and-page-builder\/assets\/image\/patterns\/60-lines.png'); background-repeat: repeat; background-color: #f4f5f5;\" data-bg-overlaycolor=\"rgba(118, 184, 201, 0.8)\">\n<div class=\"container\">\n<div class=\"row\">\n<div class=\"col-md-12 col-xs-12 col-sm-12\">\n<h3 class=\"\" style=\"text-align: center;\"><span style=\"color: #008080;\">\u00c1reas de Trabajo<\/span><\/h3>\n<\/div>\n<\/div>\n<div class=\"row\"><\/div>\n<div class=\"row\" style=\"padding-top: 20px; padding-bottom: 20px;\">\n<div class=\"col-md-12 col-xs-12 col-sm-12\">\n<p class=\"\">En su m\u00e1ximo desarrollo el Instituto Jauretche, aspira a conformar cuatro \u00c1reas de Trabajo que, con sus respectivas prioridades, promover\u00e1n la conformaci\u00f3n de equipos y propondr\u00e1n debates, reflexiones, investigaciones y planes concretos:<\/p>\n<\/div>\n<\/div>\n<div class=\"row\">\n<div class=\"col-md-12 col-xs-12 col-sm-12\"><\/div>\n<\/div>\n<div class=\"row\">\n<div class=\"col-md-5 col-sm-5 col-xs-12\">\n<div class=\"row\">\n<div class=\"col-md-4 col-sm-4 col-xs-12 text-center color1-background-color color-1-text-contrast bg-background-color\" style=\"padding: 1em;\">\n<div>\n<h3 class=\"h1\"><span style=\"color: #008080;\"><strong>\u00e1rea de estado y gobierno<\/strong><\/span><\/h3>\n<\/div>\n<\/div>\n<div class=\"col-md-8 col-sm-8 col-xs-12 color3-background-color color-3-text-contrast bg-background-color\" style=\"padding: 1em;\">\n<div>\n<p style=\"text-align: center;\">Prioridad de trabajo: \u201cDemocratizaci\u00f3n del Estado\u201d.<\/p>\n<\/div>\n<\/div>\n<\/div>\n<\/div>\n<div class=\"col-md-1 col-sm-1 col-xs-12\"><\/div>\n<div class=\"col-md-5 col-sm-5 col-xs-12\">\n<div class=\"row\">\n<div class=\"col-md-4 col-sm-4 col-xs-12 text-center color1-background-color color-1-text-contrast bg-background-color\" style=\"padding: 1em;\">\n<div>\n<h3 class=\"h1\"><span style=\"color: #008080;\"><strong>\u00e1rea de cultura y sociedad<\/strong><\/span><\/h3>\n<\/div>\n<\/div>\n<div class=\"col-md-8 col-sm-8 col-xs-12 color3-background-color color-3-text-contrast bg-background-color\" style=\"padding: 1em;\">\n<div>\n<p style=\"text-align: center;\">Prioridad de trabajo: \u201cPromoci\u00f3n de una \u00e9pica de la Solidaridad Social\u201d.<\/p>\n<\/div>\n<\/div>\n<\/div>\n<\/div>\n<div class=\"col-md-1 col-sm-1 col-xs-12\"><\/div>\n<\/div>\n<div class=\"row\" style=\"padding-top: 40px;\">\n<div class=\"col-md-1 col-sm-1 col-xs-12\"><\/div>\n<div class=\"col-md-5 col-sm-5 col-xs-12\">\n<div class=\"row\">\n<div class=\"col-md-4 col-sm-4 col-xs-12 text-center color1-background-color color-1-text-contrast bg-background-color\" style=\"padding: 1em;\">\n<div>\n<h3 class=\"h1\"><span style=\"color: #008080;\"><strong>\u00e1rea de ambiente y desarrollo<\/strong><\/span><\/h3>\n<\/div>\n<\/div>\n<div class=\"col-md-8 col-sm-8 col-xs-12 color3-background-color color-3-text-contrast bg-background-color\" style=\"padding: 1em;\">\n<div>\n<p style=\"text-align: center;\">Prioridad de trabajo: \u201cPromover modelos productivos socialmente inclusivos, econ\u00f3micamente viables y ambientalmente sostenibles\u201d.<\/p>\n<\/div>\n<\/div>\n<\/div>\n<\/div>\n<div class=\"col-md-1 col-sm-1 col-xs-12\"><\/div>\n<div class=\"col-md-5 col-sm-5 col-xs-12\">\n<div class=\"row\">\n<div class=\"col-md-4 col-sm-4 col-xs-12 text-center color1-background-color color-1-text-contrast bg-background-color\" style=\"padding: 1em;\">\n<div>\n<h3 class=\"h1\"><span style=\"color: #008080;\"><strong>\u00e1rea de prospectiva<\/strong><\/span><\/h3>\n<\/div>\n<\/div>\n<div class=\"col-md-8 col-sm-8 col-xs-12 color3-background-color color-3-text-contrast bg-background-color\" style=\"padding: 1em;\">\n<div>\n<p style=\"text-align: center;\">Prioridad de trabajo: \u201cDesarrollo prospectivo desde la conformaci\u00f3n del pensamiento latinoamericano\u201d.<\/p>\n<\/div>\n<\/div>\n<\/div>\n<\/div>\n<\/div>\n<div class=\"row bg-editor-hr-wrap\" style=\"padding-top: 30px;\">\n<div class=\"col-md-12 col-xs-12 col-sm-12\">\n<p class=\"\">Tambi\u00e9n el Instituto desarrollar\u00e1 dos Departamentos T\u00e9cnicos: Documentaci\u00f3n y Estad\u00edsticas, y Comunicaciones; completando su dise\u00f1o org\u00e1nico con una Coordinaci\u00f3n Ejecutiva.<\/p>\n<\/div>\n<\/div>\n<div class=\"row bg-editor-hr-wrap\">\n<div class=\"col-md-12 col-xs-12 col-sm-12\">\n<h3 class=\"\" style=\"text-align: center;\"><\/h3>\n<\/div>\n<\/div>\n<\/div>\n<\/div>\n<div class=\"color3-background-color color-3-text-contrast bg-background-color tmpl-contact-11 boldgrid-section dynamic-gridblock\">\n<div class=\"container-fluid\">\n<div class=\"row\" style=\"padding-top: 25px; padding-bottom: 35px; background-size: auto; background-repeat: repeat; background-image: url('https:\/\/www.institutojauretche.com.ar\/home\/wp-content\/plugins\/post-and-page-builder\/assets\/image\/patterns\/60-lines.png'); background-color: #f4f4f4;\">\n<div class=\"col-md-4 col-sm-1 col-xs-12\">\n<p class=\"mod-reset\">\u00a0\u00a0<a href=\"https:\/\/www.institutojauretche.com.ar\/home\/wp-content\/uploads\/2020\/04\/Logo-Poema-21.png\"><img loading=\"lazy\" decoding=\"async\" class=\"wp-image-588  aligncenter\" src=\"https:\/\/www.institutojauretche.com.ar\/home\/wp-content\/uploads\/2020\/04\/Logo-Poema-21-300x80.png\" alt=\"\" width=\"349\" height=\"93\" srcset=\"https:\/\/www.institutojauretche.com.ar\/home\/wp-content\/uploads\/2020\/04\/Logo-Poema-21-300x80.png 300w, https:\/\/www.institutojauretche.com.ar\/home\/wp-content\/uploads\/2020\/04\/Logo-Poema-21-250x67.png 250w, https:\/\/www.institutojauretche.com.ar\/home\/wp-content\/uploads\/2020\/04\/Logo-Poema-21.png 328w\" sizes=\"auto, (max-width: 349px) 100vw, 349px\" \/><\/a><\/p>\n<\/div>\n<div class=\"col-md-6 col-sm-7 col-xs-12\" style=\"padding: 1em;\">\n<h4 class=\"\"><\/h4>\n<h4 class=\"\"><\/h4>\n<h4 class=\"\"><strong><span style=\"color: #ff0000;\">POEMA 21<\/span><\/strong><\/h4>\n<p class=\"\"><span style=\"color: #000000;\">El Instituto Jauretche produce la revista digital Poema 21.<\/span><\/p>\n<p class=\"\"><span style=\"color: #000000;\">Espacio sin fines de lucro de Cultura y Pedagog\u00eda Pol\u00edtica.<\/span><\/p>\n<p class=\"\">\n<p class=\"\" style=\"text-align: center;\"><a class=\"btn-color-3 btn btn-capitalize btn-rounded btn-3d btn-regular\" href=\"https:\/\/www.institutojauretche.com.ar\/poema21\/\" target=\"_blank\" rel=\"noopener noreferrer\">Revista Poema 21<\/a><\/p>\n<p class=\"\">\n<p class=\"\">\n<\/div>\n<\/div>\n<\/div>\n<\/div>\n","protected":false},"excerpt":{"rendered":"<p>Arturo Mart\u00edn Jauretche Arturo Jauretche fue un intelectual criollo, uno de los m\u00e1s destacados panegiristas de la cultura nacional, que reneg\u00f3 del europe\u00edsmo de las elites y clases medias y se volc\u00f3 a la causa de los paisanos, de los hombres de a pie, del pueblo trabajador. Quien fue Arturo Jauretche Instituto de Pedagog\u00eda Pol\u00edtica [&hellip;]<\/p>\n","protected":false},"author":1,"featured_media":0,"parent":0,"menu_order":0,"comment_status":"closed","ping_status":"closed","template":"page_home.php","meta":{"bgseo_title":"","bgseo_description":"","bgseo_robots_index":"index","bgseo_robots_follow":"follow","footnotes":""},"class_list":["post-17","page","type-page","status-publish"],"_links":{"self":[{"href":"https:\/\/www.institutojauretche.com.ar\/home\/wp-json\/wp\/v2\/pages\/17","targetHints":{"allow":["GET"]}}],"collection":[{"href":"https:\/\/www.institutojauretche.com.ar\/home\/wp-json\/wp\/v2\/pages"}],"about":[{"href":"https:\/\/www.institutojauretche.com.ar\/home\/wp-json\/wp\/v2\/types\/page"}],"author":[{"embeddable":true,"href":"https:\/\/www.institutojauretche.com.ar\/home\/wp-json\/wp\/v2\/users\/1"}],"replies":[{"embeddable":true,"href":"https:\/\/www.institutojauretche.com.ar\/home\/wp-json\/wp\/v2\/comments?post=17"}],"version-history":[{"count":10,"href":"https:\/\/www.institutojauretche.com.ar\/home\/wp-json\/wp\/v2\/pages\/17\/revisions"}],"predecessor-version":[{"id":599,"href":"https:\/\/www.institutojauretche.com.ar\/home\/wp-json\/wp\/v2\/pages\/17\/revisions\/599"}],"wp:attachment":[{"href":"https:\/\/www.institutojauretche.com.ar\/home\/wp-json\/wp\/v2\/media?parent=17"}],"curies":[{"name":"wp","href":"https:\/\/api.w.org\/{rel}","templated":true}]}}